{"id":77,"date":"2026-02-25T18:29:25","date_gmt":"2026-02-25T18:29:25","guid":{"rendered":"https:\/\/www.medellinnailsspa.com\/?page_id=77"},"modified":"2026-02-25T18:29:25","modified_gmt":"2026-02-25T18:29:25","slug":"testimonios","status":"publish","type":"page","link":"https:\/\/www.medellinnailsspa.com\/es\/testimonios\/","title":{"rendered":"Testimonios"},"content":{"rendered":"<div class=\"et_pb_section_0 et_pb_section et_section_regular et_block_section section_has_divider et_pb_bottom_divider preset--module--divi-section--_module_preset=\"><div class=\"et_pb_row_0 et_pb_row et_block_row preset--module--divi-row--5138c454-be54-4233-bd3b-f8e6a8747976\"><div class=\"et_pb_column_0 et_pb_column et_pb_column_2_3 et_block_column et_pb_css_mix_blend_mode_passthrough preset--module--divi-column--73121f80-a3ef-4484-8763-c3f18e3c56d2\"><div class=\"et_pb_heading_0 et_pb_heading et_pb_module et_flex_module preset--module--divi-heading--f0c675ea-2574-4d0e-b725-30f8550a8550\"><div class=\"et_pb_heading_container\"><h4 class=\"et_pb_module_header\">Descubre la Experiencia de Nuestros Clientes<\/h4><\/div><\/div><div class=\"et_pb_heading_1 et_pb_heading et_pb_module et_flex_module preset--module--divi-heading--ddeb8c09-9078-4424-bc15-2efb6572e28e\"><div class=\"et_pb_heading_container\"><h1 class=\"et_pb_module_header\">Testimonios de Satisfacci\u00f3n y Confianza<\/h1><\/div><\/div><div class=\"et_pb_text_0 et_pb_text et_pb_bg_layout_light et_pb_module et_flex_module preset--module--divi-text--0504de1e-f5ff-4281-ba60-cbbe4edf98bc\"><div class=\"et_pb_text_inner\"><p>Explora las experiencias de quienes han encontrado en nuestro sal\u00f3n un refugio de belleza y bienestar.<\/p>\n<\/div><\/div><div class=\"et_pb_module et_pb_button_module_wrapper et_pb_button_0_wrapper preset--module--divi-button--ab15fb74-61a3-43aa-96b3-41e09aeef654_wrapper\"><a class=\"et_pb_button_0 et_pb_button et_pb_bg_layout_light et_pb_module et_flex_module preset--module--divi-button--ab15fb74-61a3-43aa-96b3-41e09aeef654\" href=\"\">Leer M\u00e1s Opiniones<\/a><\/div><\/div><div class=\"et_pb_column_1 et_pb_column et_pb_column_1_3 et-last-child et_block_column et_pb_column_empty et_pb_css_mix_blend_mode_passthrough preset--module--divi-column--73121f80-a3ef-4484-8763-c3f18e3c56d2\"><\/div><\/div><div class=\"et_pb_bottom_inside_divider et-no-transition\"><\/div><\/div><div class=\"et_pb_section_1 et_pb_section et_section_regular et_block_section\"><div class=\"et_pb_row_1 et_pb_row et_block_row preset--module--divi-row--5138c454-be54-4233-bd3b-f8e6a8747976\"><div class=\"et_pb_column_2 et_pb_column et_pb_column_4_4 et-last-child et_block_column et_pb_css_mix_blend_mode_passthrough preset--module--divi-column--73121f80-a3ef-4484-8763-c3f18e3c56d2\"><div class=\"et_pb_heading_2 et_pb_heading et_pb_module et_flex_module preset--module--divi-heading--default\"><div class=\"et_pb_heading_container\"><h2 class=\"et_pb_module_header\">Lo Que Dicen Nuestros Clientes<\/h2><\/div><\/div><\/div><\/div><div class=\"et_pb_row_2 et_pb_row et_block_row preset--module--divi-row--5138c454-be54-4233-bd3b-f8e6a8747976\"><div class=\"et_pb_column_3 et_pb_column et_pb_column_1_3 et_block_column et_pb_css_mix_blend_mode_passthrough preset--module--divi-column--73121f80-a3ef-4484-8763-c3f18e3c56d2\"><div class=\"et_pb_icon_0 et_pb_icon et_pb_module et_flex_module ai_ignore_font_icon preset--module--divi-icon--e1bb7f25-3cb3-46ff-8d8e-70235688eba8\"><span class=\"et_pb_icon_wrap\"><span class=\"et-pb-icon\">\uf10d<\/span><\/span><\/div><div class=\"et_pb_text_1 et_pb_text et_pb_bg_layout_light et_pb_module et_flex_module preset--module--divi-text--default\"><div class=\"et_pb_text_inner\"><p>\"El servicio en Alicia Hernandez Nail Salon & Spa es impecable. Desde que entras, te sientes como en casa. \u00a1Recomendado al 100%!\"<\/p>\n<\/div><\/div><\/div><div class=\"et_pb_column_4 et_pb_column et_pb_column_1_3 et_block_column et_pb_css_mix_blend_mode_passthrough preset--module--divi-column--73121f80-a3ef-4484-8763-c3f18e3c56d2\"><div class=\"et_pb_icon_1 et_pb_icon et_pb_module et_flex_module ai_ignore_font_icon preset--module--divi-icon--e1bb7f25-3cb3-46ff-8d8e-70235688eba8\"><span class=\"et_pb_icon_wrap\"><span class=\"et-pb-icon\">\uf10d<\/span><\/span><\/div><div class=\"et_pb_text_2 et_pb_text et_pb_bg_layout_light et_pb_module et_flex_module preset--module--divi-text--default\"><div class=\"et_pb_text_inner\"><p>\"La atenci\u00f3n al detalle y el ambiente relajante hacen que cada visita sea un verdadero placer. \u00a1No lo cambiar\u00eda por nada!\"<\/p>\n<\/div><\/div><\/div><div class=\"et_pb_column_5 et_pb_column et_pb_column_1_3 et-last-child et_block_column et_pb_css_mix_blend_mode_passthrough preset--module--divi-column--73121f80-a3ef-4484-8763-c3f18e3c56d2\"><div class=\"et_pb_icon_2 et_pb_icon et_pb_module et_flex_module ai_ignore_font_icon preset--module--divi-icon--e1bb7f25-3cb3-46ff-8d8e-70235688eba8\"><span class=\"et_pb_icon_wrap\"><span class=\"et-pb-icon\">\uf10d<\/span><\/span><\/div><div class=\"et_pb_text_3 et_pb_text et_pb_bg_layout_light et_pb_module et_flex_module preset--module--divi-text--default\"><div class=\"et_pb_text_inner\"><p>\"Cada tratamiento es una experiencia de lujo. El personal es amable y profesional, siempre salgo renovada y feliz.\"<\/p>\n<\/div><\/div><\/div><\/div><\/div><div class=\"et_pb_section_2 et_pb_section et_section_regular et_block_section\"><div class=\"et_pb_row_3 et_pb_row et_pb_row_1-4_3-4 et_block_row et_block_row_1-4_3-4 preset--module--divi-row--048d8e79-b07f-439b-bd57-f41c14f0a56b\"><div class=\"et_pb_column_6 et_pb_column et_pb_column_1_4 et_block_column et_pb_css_mix_blend_mode_passthrough preset--module--divi-column--73121f80-a3ef-4484-8763-c3f18e3c56d2\"><div class=\"et_pb_image_0 et_pb_image et_pb_module et_flex_module ai_ignore_src preset--module--divi-image--6ed8fd5c-62c5-4100-98c3-7b8b6d2c2ee6\"><span class=\"et_pb_image_wrap\"><img decoding=\"async\" src=\"https:\/\/www.medellinnailsspa.com\/wp-content\/uploads\/2026\/02\/new-portrait-5-800x800-1-800x800.jpg\" title=\"new-portrait-5-800x800\" \/><\/span><\/div><\/div><div class=\"et_pb_column_7 et_pb_column et_pb_column_3_4 et-last-child et_block_column et_pb_css_mix_blend_mode_passthrough preset--module--divi-column--73121f80-a3ef-4484-8763-c3f18e3c56d2\"><div class=\"et_pb_heading_3 et_pb_heading et_pb_module et_flex_module preset--module--divi-heading--8c21dae4-c59d-4c2b-958c-0e045c7f06d6\"><div class=\"et_pb_heading_container\"><h4 class=\"et_pb_module_header\">\"Un Lugar Donde La Belleza y El Bienestar Se Encuentran\"<\/h4><\/div><\/div><div class=\"et_pb_text_4 et_pb_text et_pb_bg_layout_light et_pb_module et_flex_module preset--module--divi-text--default\"><div class=\"et_pb_text_inner\"><p>Mar\u00eda G\u00f3mez<\/p>\n<\/div><\/div><\/div><\/div><\/div><div class=\"et_pb_section_3 et_pb_section et_section_regular et_block_section\"><div class=\"et_pb_row_4 et_pb_row et_pb_gutters2 et_block_row preset--module--divi-row--5138c454-be54-4233-bd3b-f8e6a8747976\"><div class=\"et_pb_column_8 et_pb_column et_pb_column_1_3 et_block_column et_pb_css_mix_blend_mode_passthrough preset--module--divi-column--73121f80-a3ef-4484-8763-c3f18e3c56d2\"><div class=\"et_pb_heading_4 et_pb_heading et_pb_module et_flex_module preset--module--divi-heading--ba4a6336-701f-47b8-bf5c-09da0ce28016\"><div class=\"et_pb_heading_container\"><h2 class=\"et_pb_module_header\">Galer\u00eda de Im\u00e1genes del Sal\u00f3n<\/h2><\/div><\/div><div class=\"et_pb_text_5 et_pb_text et_pb_bg_layout_light et_pb_module et_flex_module preset--module--divi-text--default\"><div class=\"et_pb_text_inner\"><p>Explora una colecci\u00f3n de im\u00e1genes que capturan la esencia de nuestro sal\u00f3n, desde elegantes dise\u00f1os de u\u00f1as hasta relajantes tratamientos de spa. Cada foto refleja la calidad y dedicaci\u00f3n que ofrecemos en Alicia Hernandez Nail Salon & Spa Medellin Colombia.<\/p>\n<\/div><\/div><div class=\"et_pb_image_1 et_pb_image et_pb_has_overlay et_pb_module et_flex_module preset--module--divi-image--6ed8fd5c-62c5-4100-98c3-7b8b6d2c2ee6\"><a href=\"https:\/\/images.unsplash.com\/photo-1693776529070-2cdea397595b?ixid=M3w1ODkyNzF8MHwxfHNlYXJjaHwyfHxtYW5pY3VyZSUyMHNlcnZpY2V8ZW58MHwxfHx8MTc3MjA0NDEwNnww&#038;ixlib=rb-4.1.0&#038;fm=webp&#038;fit=crop&#038;crop=entropy&#038;w=800&#038;h=1080&#038;q=20&#038;dpr=2\" class=\"et_pb_lightbox_image\"><span class=\"et_pb_image_wrap\"><img decoding=\"async\" src=\"https:\/\/images.unsplash.com\/photo-1693776529070-2cdea397595b?ixid=M3w1ODkyNzF8MHwxfHNlYXJjaHwyfHxtYW5pY3VyZSUyMHNlcnZpY2V8ZW58MHwxfHx8MTc3MjA0NDEwNnww&#038;ixlib=rb-4.1.0&#038;fm=webp&#038;fit=crop&#038;crop=entropy&#038;w=800&#038;h=1080&#038;q=20&#038;dpr=2\" title=\"800x1080\" \/><span class=\"et_overlay\"><\/span><\/span><\/a><\/div><\/div><div class=\"et_pb_column_9 et_pb_column et_pb_column_1_3 et_block_column et_pb_css_mix_blend_mode_passthrough preset--module--divi-column--73121f80-a3ef-4484-8763-c3f18e3c56d2\"><div class=\"et_pb_image_2 et_pb_image et_pb_has_overlay et_pb_module et_flex_module preset--module--divi-image--6ed8fd5c-62c5-4100-98c3-7b8b6d2c2ee6\"><a href=\"https:\/\/images.unsplash.com\/photo-1582498674105-ad104fcc5784?ixid=M3w1ODkyNzF8MHwxfHNlYXJjaHwxfHxyZWxheGluZyUyMHNwYSUyMHRyZWF0bWVudHxlbnwwfDF8fHwxNzcyMDQ0MTA2fDA&#038;ixlib=rb-4.1.0&#038;fm=webp&#038;fit=crop&#038;crop=entropy&#038;w=800&#038;h=1080&#038;q=20&#038;dpr=2\" class=\"et_pb_lightbox_image\"><span class=\"et_pb_image_wrap\"><img decoding=\"async\" src=\"https:\/\/images.unsplash.com\/photo-1582498674105-ad104fcc5784?ixid=M3w1ODkyNzF8MHwxfHNlYXJjaHwxfHxyZWxheGluZyUyMHNwYSUyMHRyZWF0bWVudHxlbnwwfDF8fHwxNzcyMDQ0MTA2fDA&#038;ixlib=rb-4.1.0&#038;fm=webp&#038;fit=crop&#038;crop=entropy&#038;w=800&#038;h=1080&#038;q=20&#038;dpr=2\" title=\"800x1080\" \/><span class=\"et_overlay\"><\/span><\/span><\/a><\/div><div class=\"et_pb_image_3 et_pb_image et_pb_has_overlay et_pb_module et_flex_module preset--module--divi-image--6ed8fd5c-62c5-4100-98c3-7b8b6d2c2ee6\"><a href=\"https:\/\/images.unsplash.com\/photo-1670495045221-f7218ee3e3b1?ixid=M3w1ODkyNzF8MHwxfHNlYXJjaHwxfHxsdXh1cmlvdXMlMjBwZWRpY3VyZXxlbnwwfDB8fHwxNzcyMDQ0MTA2fDA&#038;ixlib=rb-4.1.0&#038;fm=webp&#038;fit=crop&#038;crop=entropy&#038;w=800&#038;h=600&#038;q=20&#038;dpr=2\" class=\"et_pb_lightbox_image\"><span class=\"et_pb_image_wrap\"><img decoding=\"async\" src=\"https:\/\/images.unsplash.com\/photo-1670495045221-f7218ee3e3b1?ixid=M3w1ODkyNzF8MHwxfHNlYXJjaHwxfHxsdXh1cmlvdXMlMjBwZWRpY3VyZXxlbnwwfDB8fHwxNzcyMDQ0MTA2fDA&#038;ixlib=rb-4.1.0&#038;fm=webp&#038;fit=crop&#038;crop=entropy&#038;w=800&#038;h=600&#038;q=20&#038;dpr=2\" title=\"800x600\" \/><span class=\"et_overlay\"><\/span><\/span><\/a><\/div><\/div><div class=\"et_pb_column_10 et_pb_column et_pb_column_1_3 et-last-child et_block_column et_pb_css_mix_blend_mode_passthrough preset--module--divi-column--73121f80-a3ef-4484-8763-c3f18e3c56d2\"><div class=\"et_pb_image_4 et_pb_image et_pb_has_overlay et_pb_module et_flex_module preset--module--divi-image--6ed8fd5c-62c5-4100-98c3-7b8b6d2c2ee6\"><a href=\"https:\/\/images.unsplash.com\/photo-1667207229737-0adf3c700d5e?ixid=M3w1ODkyNzF8MHwxfHNlYXJjaHwxfHxiZWF1dGlmdWwlMjBuYWlsJTIwYXJ0fGVufDB8MHx8fDE3NzIwNDQxMDZ8MA&#038;ixlib=rb-4.1.0&#038;fm=webp&#038;fit=crop&#038;crop=entropy&#038;w=800&#038;h=600&#038;q=20&#038;dpr=2\" class=\"et_pb_lightbox_image\"><span class=\"et_pb_image_wrap\"><img decoding=\"async\" src=\"https:\/\/images.unsplash.com\/photo-1667207229737-0adf3c700d5e?ixid=M3w1ODkyNzF8MHwxfHNlYXJjaHwxfHxiZWF1dGlmdWwlMjBuYWlsJTIwYXJ0fGVufDB8MHx8fDE3NzIwNDQxMDZ8MA&#038;ixlib=rb-4.1.0&#038;fm=webp&#038;fit=crop&#038;crop=entropy&#038;w=800&#038;h=600&#038;q=20&#038;dpr=2\" title=\"800x600\" \/><span class=\"et_overlay\"><\/span><\/span><\/a><\/div><div class=\"et_pb_image_5 et_pb_image et_pb_has_overlay et_pb_module et_flex_module preset--module--divi-image--6ed8fd5c-62c5-4100-98c3-7b8b6d2c2ee6\"><a href=\"https:\/\/images.unsplash.com\/photo-1761718210055-e83ca7e2c9ad?ixid=M3w1ODkyNzF8MHwxfHNlYXJjaHwyfHxwcm9mZXNzaW9uYWwlMjBiZWF1dHklMjB0cmVhdG1lbnR8ZW58MHwxfHx8MTc3MjA0NDEwNnww&#038;ixlib=rb-4.1.0&#038;fm=webp&#038;fit=crop&#038;crop=entropy&#038;w=800&#038;h=1080&#038;q=20&#038;dpr=2\" class=\"et_pb_lightbox_image\"><span class=\"et_pb_image_wrap\"><img decoding=\"async\" src=\"https:\/\/images.unsplash.com\/photo-1761718210055-e83ca7e2c9ad?ixid=M3w1ODkyNzF8MHwxfHNlYXJjaHwyfHxwcm9mZXNzaW9uYWwlMjBiZWF1dHklMjB0cmVhdG1lbnR8ZW58MHwxfHx8MTc3MjA0NDEwNnww&#038;ixlib=rb-4.1.0&#038;fm=webp&#038;fit=crop&#038;crop=entropy&#038;w=800&#038;h=1080&#038;q=20&#038;dpr=2\" title=\"800x1080\" \/><span class=\"et_overlay\"><\/span><\/span><\/a><\/div><\/div><\/div><\/div><div class=\"et_pb_section_4 et_pb_section et_section_regular et_block_section\"><div class=\"et_pb_row_5 et_pb_row et_block_row preset--module--divi-row--5138c454-be54-4233-bd3b-f8e6a8747976\"><div class=\"et_pb_column_11 et_pb_column et_pb_column_4_4 et-last-child et_block_column et_pb_css_mix_blend_mode_passthrough preset--module--divi-column--73121f80-a3ef-4484-8763-c3f18e3c56d2\"><div class=\"et_pb_image_6 et_pb_image et_pb_module et_flex_module preset--module--divi-image--6ed8fd5c-62c5-4100-98c3-7b8b6d2c2ee6\"><span class=\"et_pb_image_wrap\"><img decoding=\"async\" src=\"https:\/\/images.unsplash.com\/photo-1670573973297-ee69c0bd8b61?ixid=M3w1ODkyNzF8MHwxfHNlYXJjaHwzfHxpbnZpdGluZyUyMHNwYSUyMGF0bW9zcGhlcmV8ZW58MHwwfHx8MTc3MjA0NDEwNnww&#038;ixlib=rb-4.1.0&#038;fm=webp&#038;fit=crop&#038;crop=entropy&#038;w=1080&#038;h=600&#038;q=20&#038;dpr=2\" title=\"1080x600\" \/><\/span><\/div><\/div><\/div><div class=\"et_pb_row_6 et_pb_row et_block_row preset--module--divi-row--5138c454-be54-4233-bd3b-f8e6a8747976\"><div class=\"et_pb_column_12 et_pb_column et_pb_column_3_5 et_block_column et_pb_css_mix_blend_mode_passthrough preset--module--divi-column--73121f80-a3ef-4484-8763-c3f18e3c56d2\"><div class=\"et_pb_heading_5 et_pb_heading et_pb_module et_flex_module preset--module--divi-heading--default\"><div class=\"et_pb_heading_container\"><h2 class=\"et_pb_module_header\">Reserva Tu Experiencia de Belleza<\/h2><\/div><\/div><\/div><div class=\"et_pb_column_13 et_pb_column et_pb_column_2_5 et-last-child et_block_column et_pb_css_mix_blend_mode_passthrough preset--module--divi-column--73121f80-a3ef-4484-8763-c3f18e3c56d2\"><div class=\"et_pb_heading_6 et_pb_heading et_pb_module et_flex_module preset--module--divi-heading--a3805066-8711-43c7-9f62-5782da0e9f7a\"><div class=\"et_pb_heading_container\"><h5 class=\"et_pb_module_header\">Descubre el lujo y la sofisticaci\u00f3n en cada visita. \u00a1Reserva ahora y transforma tu rutina de belleza en un momento inolvidable!<\/h5><\/div><\/div><div class=\"et_pb_module et_pb_button_module_wrapper et_pb_button_1_wrapper preset--module--divi-button--default_wrapper\"><a class=\"et_pb_button_1 et_pb_button et_pb_bg_layout_light et_pb_module et_flex_module preset--module--divi-button--default\" href=\"\">Agenda Tu Cita<\/a><\/div><\/div><\/div><\/div>","protected":false},"excerpt":{"rendered":"","protected":false},"author":1,"featured_media":0,"parent":0,"menu_order":0,"comment_status":"closed","ping_status":"closed","template":"","meta":{"footnotes":""},"class_list":["post-77","page","type-page","status-publish","hentry"],"aioseo_notices":[],"_links":{"self":[{"href":"https:\/\/www.medellinnailsspa.com\/es\/wp-json\/wp\/v2\/pages\/77","targetHints":{"allow":["GET"]}}],"collection":[{"href":"https:\/\/www.medellinnailsspa.com\/es\/wp-json\/wp\/v2\/pages"}],"about":[{"href":"https:\/\/www.medellinnailsspa.com\/es\/wp-json\/wp\/v2\/types\/page"}],"author":[{"embeddable":true,"href":"https:\/\/www.medellinnailsspa.com\/es\/wp-json\/wp\/v2\/users\/1"}],"replies":[{"embeddable":true,"href":"https:\/\/www.medellinnailsspa.com\/es\/wp-json\/wp\/v2\/comments?post=77"}],"version-history":[{"count":1,"href":"https:\/\/www.medellinnailsspa.com\/es\/wp-json\/wp\/v2\/pages\/77\/revisions"}],"predecessor-version":[{"id":93,"href":"https:\/\/www.medellinnailsspa.com\/es\/wp-json\/wp\/v2\/pages\/77\/revisions\/93"}],"wp:attachment":[{"href":"https:\/\/www.medellinnailsspa.com\/es\/wp-json\/wp\/v2\/media?parent=77"}],"curies":[{"name":"wp","href":"https:\/\/api.w.org\/{rel}","templated":true}]}}