{"id":75,"date":"2026-02-25T18:29:25","date_gmt":"2026-02-25T18:29:25","guid":{"rendered":"https:\/\/www.medellinnailsspa.com\/?page_id=75"},"modified":"2026-02-25T18:29:25","modified_gmt":"2026-02-25T18:29:25","slug":"reservaciones","status":"publish","type":"page","link":"https:\/\/www.medellinnailsspa.com\/es\/reservaciones\/","title":{"rendered":"Reservaciones"},"content":{"rendered":"<div class=\"et_pb_section_0 et_pb_section et_section_regular et_block_section\"><div class=\"et_pb_row_0 et_pb_row et_pb_row_3-4_1-4 et_block_row et_block_row_3-4_1-4 preset--module--divi-row--5138c454-be54-4233-bd3b-f8e6a8747976\"><div class=\"et_pb_column_0 et_pb_column et_pb_column_3_4 et_block_column et_pb_css_mix_blend_mode_passthrough preset--module--divi-column--73121f80-a3ef-4484-8763-c3f18e3c56d2\"><div class=\"et_pb_heading_0 et_pb_heading et_pb_module et_flex_module preset--module--divi-heading--ddeb8c09-9078-4424-bc15-2efb6572e28e\"><div class=\"et_pb_heading_container\"><h1 class=\"et_pb_module_header\">Reserva Tu Momento de Belleza en L\u00ednea<\/h1><\/div><\/div><\/div><div class=\"et_pb_column_1 et_pb_column et_pb_column_1_4 et-last-child et_block_column et_pb_css_mix_blend_mode_passthrough preset--module--divi-column--73121f80-a3ef-4484-8763-c3f18e3c56d2\"><div class=\"et_pb_module et_pb_button_module_wrapper et_pb_button_0_wrapper preset--module--divi-button--ab15fb74-61a3-43aa-96b3-41e09aeef654_wrapper\"><a class=\"et_pb_button_0 et_pb_button et_pb_bg_layout_light et_pb_module et_flex_module preset--module--divi-button--ab15fb74-61a3-43aa-96b3-41e09aeef654\" href=\"\">Agenda Ahora<\/a><\/div><\/div><\/div><div class=\"et_pb_row_1 et_pb_row et_block_row preset--module--divi-row--5138c454-be54-4233-bd3b-f8e6a8747976\"><div class=\"et_pb_column_2 et_pb_column et_pb_column_4_4 et-last-child et_block_column et_pb_css_mix_blend_mode_passthrough preset--module--divi-column--73121f80-a3ef-4484-8763-c3f18e3c56d2\"><div class=\"et_pb_image_0 et_pb_image et_pb_module et_flex_module preset--module--divi-image--1cc6152f-565c-4c4d-b0c9-cf8c9576c341\"><span class=\"et_pb_image_wrap\"><img decoding=\"async\" src=\"https:\/\/images.unsplash.com\/photo-1770980397103-c2522562e16f?ixid=M3w1ODkyNzF8MHwxfHNlYXJjaHwxfHxlbGVnYW50JTIwbmFpbCUyMHNhbG9ufGVufDB8MHx8fDE3NzIwNDM5NjV8MA&#038;ixlib=rb-4.1.0&#038;fm=webp&#038;fit=crop&#038;crop=entropy&#038;w=1080&#038;h=600&#038;q=20&#038;dpr=2\" title=\"1080x600\" \/><\/span><\/div><\/div><\/div><\/div><div class=\"et_pb_section_1 et_pb_section et_section_regular et_block_section\"><div class=\"et_pb_row_2 et_pb_row et_block_row preset--module--divi-row--333b8a65-5730-490d-b80e-51611171c668\"><div class=\"et_pb_column_3 et_pb_column et_pb_column_4_4 et-last-child et_block_column et_pb_css_mix_blend_mode_passthrough preset--module--divi-column--73121f80-a3ef-4484-8763-c3f18e3c56d2\"><div class=\"et_pb_heading_1 et_pb_heading et_pb_module et_flex_module preset--module--divi-heading--default\"><div class=\"et_pb_heading_container\"><h2 class=\"et_pb_module_header\">C\u00f3mo Reservar Tu Cita<\/h2><\/div><\/div><div class=\"et_pb_text_0 et_pb_text et_pb_bg_layout_light et_pb_module et_flex_module et_pb_text_align_center preset--module--divi-text--0504de1e-f5ff-4281-ba60-cbbe4edf98bc\"><div class=\"et_pb_text_inner\"><p>Descubre lo f\u00e1cil y r\u00e1pido que es asegurar tu cita en nuestro sal\u00f3n con solo unos clics.<\/p>\n<\/div><\/div><\/div><\/div><div class=\"et_pb_row_3 et_pb_row et_block_row preset--module--divi-row--333b8a65-5730-490d-b80e-51611171c668\"><div class=\"et_pb_column_4 et_pb_column et_pb_column_1_3 et_block_column et_pb_css_mix_blend_mode_passthrough preset--module--divi-column--73121f80-a3ef-4484-8763-c3f18e3c56d2\"><div class=\"et_pb_text_1 et_pb_text et_pb_bg_layout_light et_pb_module et_flex_module ai_ignore_text et_pb_text_align_center preset--module--divi-text--default\"><div class=\"et_pb_text_inner\"><p>Paso 1<\/p>\n<\/div><\/div><div class=\"et_pb_heading_2 et_pb_heading et_pb_module et_flex_module preset--module--divi-heading--a3805066-8711-43c7-9f62-5782da0e9f7a\"><div class=\"et_pb_heading_container\"><h5 class=\"et_pb_module_header\">Selecciona Tu Servicio<\/h5><\/div><\/div><div class=\"et_pb_text_2 et_pb_text et_pb_bg_layout_light et_pb_module et_flex_module preset--module--divi-text--0504de1e-f5ff-4281-ba60-cbbe4edf98bc\"><div class=\"et_pb_text_inner\"><p>Elige entre nuestra variedad de servicios de belleza y bienestar.<\/p>\n<\/div><\/div><\/div><div class=\"et_pb_column_5 et_pb_column et_pb_column_1_3 et_block_column et_pb_css_mix_blend_mode_passthrough preset--module--divi-column--73121f80-a3ef-4484-8763-c3f18e3c56d2\"><div class=\"et_pb_text_3 et_pb_text et_pb_bg_layout_light et_pb_module et_flex_module ai_ignore_text et_pb_text_align_center preset--module--divi-text--default\"><div class=\"et_pb_text_inner\"><p>Paso 2<\/p>\n<\/div><\/div><div class=\"et_pb_heading_3 et_pb_heading et_pb_module et_flex_module preset--module--divi-heading--a3805066-8711-43c7-9f62-5782da0e9f7a\"><div class=\"et_pb_heading_container\"><h5 class=\"et_pb_module_header\">Elige Fecha y Hora<\/h5><\/div><\/div><div class=\"et_pb_text_4 et_pb_text et_pb_bg_layout_light et_pb_module et_flex_module preset--module--divi-text--0504de1e-f5ff-4281-ba60-cbbe4edf98bc\"><div class=\"et_pb_text_inner\"><p>Selecciona el momento que mejor se adapte a tu agenda.<\/p>\n<\/div><\/div><\/div><div class=\"et_pb_column_6 et_pb_column et_pb_column_1_3 et-last-child et_block_column et_pb_css_mix_blend_mode_passthrough preset--module--divi-column--73121f80-a3ef-4484-8763-c3f18e3c56d2\"><div class=\"et_pb_text_5 et_pb_text et_pb_bg_layout_light et_pb_module et_flex_module ai_ignore_text et_pb_text_align_center preset--module--divi-text--default\"><div class=\"et_pb_text_inner\"><p>Paso 3<\/p>\n<\/div><\/div><div class=\"et_pb_heading_4 et_pb_heading et_pb_module et_flex_module preset--module--divi-heading--a3805066-8711-43c7-9f62-5782da0e9f7a\"><div class=\"et_pb_heading_container\"><h5 class=\"et_pb_module_header\">Confirma Tu Reservaci\u00f3n<\/h5><\/div><\/div><div class=\"et_pb_text_6 et_pb_text et_pb_bg_layout_light et_pb_module et_flex_module preset--module--divi-text--0504de1e-f5ff-4281-ba60-cbbe4edf98bc\"><div class=\"et_pb_text_inner\"><p>Revisa los detalles y confirma tu cita para disfrutar de una experiencia \u00fanica.<\/p>\n<\/div><\/div><\/div><\/div><\/div><div class=\"et_pb_section_2 et_pb_section et_section_regular et_block_section\"><div class=\"et_pb_row_4 et_pb_row et_block_row preset--module--divi-row--5138c454-be54-4233-bd3b-f8e6a8747976\"><div class=\"et_pb_column_7 et_pb_column et_pb_column_1_3 et_block_column et_pb_css_mix_blend_mode_passthrough preset--module--divi-column--73121f80-a3ef-4484-8763-c3f18e3c56d2\"><div class=\"et_pb_heading_5 et_pb_heading et_pb_module et_flex_module preset--module--divi-heading--f0c675ea-2574-4d0e-b725-30f8550a8550\"><div class=\"et_pb_heading_container\"><h4 class=\"et_pb_module_header\">La Importancia de Reservar<\/h4><\/div><\/div><\/div><div class=\"et_pb_column_8 et_pb_column et_pb_column_2_3 et-last-child et_block_column et_pb_css_mix_blend_mode_passthrough preset--module--divi-column--73121f80-a3ef-4484-8763-c3f18e3c56d2\"><div class=\"et_pb_heading_6 et_pb_heading et_pb_module et_flex_module preset--module--divi-heading--ba4a6336-701f-47b8-bf5c-09da0ce28016\"><div class=\"et_pb_heading_container\"><h3 class=\"et_pb_module_header\">Asegura Tu Espacio en Nuestro Sal\u00f3n<\/h3><\/div><\/div><\/div><\/div><div class=\"et_pb_row_5 et_pb_row et_block_row preset--module--divi-row--5138c454-be54-4233-bd3b-f8e6a8747976\"><div class=\"et_pb_column_9 et_pb_column et_pb_column_1_3 et_block_column et_pb_column_empty et_pb_css_mix_blend_mode_passthrough preset--module--divi-column--73121f80-a3ef-4484-8763-c3f18e3c56d2\"><\/div><div class=\"et_pb_column_10 et_pb_column et_pb_column_2_3 et-last-child et_block_column et_pb_css_mix_blend_mode_passthrough preset--module--divi-column--73121f80-a3ef-4484-8763-c3f18e3c56d2\"><div class=\"et_pb_text_7 et_pb_text et_pb_bg_layout_light et_pb_module et_flex_module preset--module--divi-text--default\"><div class=\"et_pb_text_inner\"><p>Programar tu visita con anticipaci\u00f3n garantiza que puedas disfrutar de nuestros servicios en el horario que m\u00e1s te convenga. Al reservar, te aseguras de recibir la atenci\u00f3n personalizada que mereces, sin esperas ni inconvenientes. Nuestro equipo estar\u00e1 listo para ofrecerte una experiencia de belleza y relajaci\u00f3n adaptada a tus necesidades. No dejes que el tiempo se interponga en tu camino hacia el bienestar; reserva tu cita y d\u00e9janos cuidar de ti.<\/p>\n<\/div><\/div><\/div><\/div><\/div><div class=\"et_pb_section_3 et_pb_section et_section_regular et_block_section\"><div class=\"et_pb_row_6 et_pb_row et_block_row preset--module--divi-row--5138c454-be54-4233-bd3b-f8e6a8747976\"><div class=\"et_pb_column_11 et_pb_column et_pb_column_1_2 et_block_column et_pb_css_mix_blend_mode_passthrough preset--module--divi-column--73121f80-a3ef-4484-8763-c3f18e3c56d2\"><div class=\"et_pb_heading_7 et_pb_heading et_pb_module et_flex_module preset--module--divi-heading--f0c675ea-2574-4d0e-b725-30f8550a8550\"><div class=\"et_pb_heading_container\"><h4 class=\"et_pb_module_header\">Servicios Disponibles<\/h4><\/div><\/div><div class=\"et_pb_heading_8 et_pb_heading et_pb_module et_flex_module preset--module--divi-heading--default\"><div class=\"et_pb_heading_container\"><h2 class=\"et_pb_module_header\">Descubre Nuestros Servicios<\/h2><\/div><\/div><\/div><div class=\"et_pb_column_12 et_pb_column et_pb_column_1_2 et-last-child et_block_column et_pb_css_mix_blend_mode_passthrough preset--module--divi-column--73121f80-a3ef-4484-8763-c3f18e3c56d2\"><div class=\"et_pb_image_1 et_pb_image et_pb_module et_flex_module preset--module--divi-image--6ed8fd5c-62c5-4100-98c3-7b8b6d2c2ee6\"><span class=\"et_pb_image_wrap\"><img decoding=\"async\" src=\"https:\/\/images.unsplash.com\/photo-1731644139982-b75487df663e?ixid=M3w1ODkyNzF8MHwxfHNlYXJjaHw0fHxtYW5pY3VyZSUyMGFuZCUyMHBlZGljdXJlfGVufDB8MHx8fDE3NzIwNDQwODF8MA&#038;ixlib=rb-4.1.0&#038;fm=webp&#038;fit=crop&#038;crop=entropy&#038;w=800&#038;h=600&#038;q=20&#038;dpr=2\" title=\"800x600\" \/><\/span><\/div><\/div><\/div><div class=\"et_pb_row_7 et_pb_row et_pb_row_4col et_block_row et_block_row_4col preset--module--divi-row--5138c454-be54-4233-bd3b-f8e6a8747976\"><div class=\"et_pb_column_13 et_pb_column et_pb_column_1_4 et_block_column et_pb_css_mix_blend_mode_passthrough preset--module--divi-column--73121f80-a3ef-4484-8763-c3f18e3c56d2\"><div class=\"et_pb_blurb_0 et_pb_blurb et_pb_bg_layout_light et_pb_text_align_left et_pb_blurb_position_top et_pb_module et_flex_module preset--module--divi-blurb--212b201d-2c34-41bd-936c-851b7357d08b\"><div class=\"et_pb_blurb_content et_flex_module\"><div class=\"et_pb_main_blurb_image\"><span class=\"et_pb_image_wrap\"><span class=\"et-pb-icon et-waypoint et_pb_animation_off et_pb_animation_off_tablet et_pb_animation_off_phone\">\uf14b<\/span><\/span><\/div><div class=\"et_pb_blurb_container\"><h4 class=\"et_pb_module_header\">Manicura de Lujo<\/h4><div class=\"et_pb_blurb_description\"><p>Embellece tus manos con nuestra manicura de lujo, que incluye un tratamiento hidratante y un acabado impecable.<\/p>\n<\/div><\/div><\/div><\/div><\/div><div class=\"et_pb_column_14 et_pb_column et_pb_column_1_4 et_block_column et_pb_css_mix_blend_mode_passthrough preset--module--divi-column--73121f80-a3ef-4484-8763-c3f18e3c56d2\"><div class=\"et_pb_blurb_1 et_pb_blurb et_pb_bg_layout_light et_pb_text_align_left et_pb_blurb_position_top et_pb_module et_flex_module preset--module--divi-blurb--212b201d-2c34-41bd-936c-851b7357d08b\"><div class=\"et_pb_blurb_content et_flex_module\"><div class=\"et_pb_main_blurb_image\"><span class=\"et_pb_image_wrap\"><span class=\"et-pb-icon et-waypoint et_pb_animation_off et_pb_animation_off_tablet et_pb_animation_off_phone\">\uf197<\/span><\/span><\/div><div class=\"et_pb_blurb_container\"><h4 class=\"et_pb_module_header\">Pedicura Relajante<\/h4><div class=\"et_pb_blurb_description\"><p>Disfruta de una pedicura relajante que revitaliza tus pies y deja tus u\u00f1as perfectas.<\/p>\n<\/div><\/div><\/div><\/div><\/div><div class=\"et_pb_column_15 et_pb_column et_pb_column_1_4 et_block_column et_pb_css_mix_blend_mode_passthrough preset--module--divi-column--73121f80-a3ef-4484-8763-c3f18e3c56d2\"><div class=\"et_pb_blurb_2 et_pb_blurb et_pb_bg_layout_light et_pb_text_align_left et_pb_blurb_position_top et_pb_module et_flex_module preset--module--divi-blurb--212b201d-2c34-41bd-936c-851b7357d08b\"><div class=\"et_pb_blurb_content et_flex_module\"><div class=\"et_pb_main_blurb_image\"><span class=\"et_pb_image_wrap\"><span class=\"et-pb-icon et-waypoint et_pb_animation_off et_pb_animation_off_tablet et_pb_animation_off_phone\">\ue012<\/span><\/span><\/div><div class=\"et_pb_blurb_container\"><h4 class=\"et_pb_module_header\">Tratamientos Faciales<\/h4><div class=\"et_pb_blurb_description\"><p>Renueva tu piel con nuestros tratamientos faciales personalizados, dise\u00f1ados para cada tipo de piel.<\/p>\n<\/div><\/div><\/div><\/div><\/div><div class=\"et_pb_column_16 et_pb_column et_pb_column_1_4 et-last-child et_block_column et_pb_css_mix_blend_mode_passthrough preset--module--divi-column--73121f80-a3ef-4484-8763-c3f18e3c56d2\"><div class=\"et_pb_blurb_3 et_pb_blurb et_pb_bg_layout_light et_pb_text_align_left et_pb_blurb_position_top et_pb_module et_flex_module preset--module--divi-blurb--212b201d-2c34-41bd-936c-851b7357d08b\"><div class=\"et_pb_blurb_content et_flex_module\"><div class=\"et_pb_main_blurb_image\"><span class=\"et_pb_image_wrap\"><span class=\"et-pb-icon et-waypoint et_pb_animation_off et_pb_animation_off_tablet et_pb_animation_off_phone\">\ue05e<\/span><\/span><\/div><div class=\"et_pb_blurb_container\"><h4 class=\"et_pb_module_header\">Masajes Terap\u00e9uticos<\/h4><div class=\"et_pb_blurb_description\"><p>Rel\u00e1jate con nuestros masajes terap\u00e9uticos que alivian el estr\u00e9s y mejoran tu bienestar general.<\/p>\n<\/div><\/div><\/div><\/div><\/div><\/div><\/div><div class=\"et_pb_section_4 et_pb_section et_section_regular et_block_section\"><div class=\"et_pb_row_8 et_pb_row et_block_row preset--module--divi-row--5138c454-be54-4233-bd3b-f8e6a8747976\"><div class=\"et_pb_column_17 et_pb_column et_pb_column_4_4 et-last-child et_block_column et_pb_css_mix_blend_mode_passthrough preset--module--divi-column--73121f80-a3ef-4484-8763-c3f18e3c56d2\"><div class=\"et_pb_heading_9 et_pb_heading et_pb_module et_flex_module preset--module--divi-heading--default\"><div class=\"et_pb_heading_container\"><h2 class=\"et_pb_module_header\">Lo Que Dicen Nuestros Clientes<\/h2><\/div><\/div><\/div><\/div><div class=\"et_pb_row_9 et_pb_row et_block_row preset--module--divi-row--5138c454-be54-4233-bd3b-f8e6a8747976\"><div class=\"et_pb_column_18 et_pb_column et_pb_column_1_2 et_block_column et_pb_css_mix_blend_mode_passthrough preset--module--divi-column--73121f80-a3ef-4484-8763-c3f18e3c56d2\"><div class=\"et_pb_icon_0 et_pb_icon et_pb_module et_flex_module ai_ignore_font_icon preset--module--divi-icon--default\"><span class=\"et_pb_icon_wrap\"><span class=\"et-pb-icon\">\uf10d<\/span><\/span><\/div><div class=\"et_pb_text_8 et_pb_text et_pb_bg_layout_light et_pb_module et_flex_module preset--module--divi-text--ca5459fa-2abd-4000-9b59-3cb483bcc17e\"><div class=\"et_pb_text_inner\"><p>\"Cada visita al sal\u00f3n es una experiencia maravillosa. La atenci\u00f3n al detalle es inigualable.\"<\/p>\n<\/div><\/div><div class=\"et_pb_blurb_4 et_pb_blurb et_pb_bg_layout_light et_pb_blurb_position_top et_pb_module et_flex_module preset--module--divi-blurb--default\"><div class=\"et_pb_blurb_content et_flex_module\"><div class=\"et_pb_main_blurb_image\"><span class=\"et_pb_image_wrap et_pb_only_image_mode_wrap\"><img decoding=\"async\" src=\"https:\/\/premadesections.divi.support\/premade\/wp-content\/uploads\/sites\/4\/2024\/04\/new-portrait-12-800x800-1.jpg\" class=\"et-waypoint et_pb_animation_off et_pb_animation_off_tablet et_pb_animation_off_phone\" \/><\/span><\/div><div class=\"et_pb_blurb_container\"><h4 class=\"et_pb_module_header\">Mar\u00eda G\u00f3mez<\/h4><div class=\"et_pb_blurb_description\"><p>Cliente Satisfecha<\/p>\n<\/div><\/div><\/div><\/div><\/div><div class=\"et_pb_column_19 et_pb_column et_pb_column_1_2 et-last-child et_block_column et_pb_css_mix_blend_mode_passthrough preset--module--divi-column--73121f80-a3ef-4484-8763-c3f18e3c56d2\"><div class=\"et_pb_icon_1 et_pb_icon et_pb_module et_flex_module ai_ignore_font_icon preset--module--divi-icon--default\"><span class=\"et_pb_icon_wrap\"><span class=\"et-pb-icon\">\uf10d<\/span><\/span><\/div><div class=\"et_pb_text_9 et_pb_text et_pb_bg_layout_light et_pb_module et_flex_module preset--module--divi-text--ca5459fa-2abd-4000-9b59-3cb483bcc17e\"><div class=\"et_pb_text_inner\"><p>\"El ambiente es tan relajante y los resultados siempre superan mis expectativas. \u00a1Recomendado!\"<\/p>\n<\/div><\/div><div class=\"et_pb_blurb_5 et_pb_blurb et_pb_bg_layout_light et_pb_blurb_position_top et_pb_module et_flex_module preset--module--divi-blurb--default\"><div class=\"et_pb_blurb_content et_flex_module\"><div class=\"et_pb_main_blurb_image\"><span class=\"et_pb_image_wrap et_pb_only_image_mode_wrap\"><img decoding=\"async\" src=\"https:\/\/premadesections.divi.support\/premade\/wp-content\/uploads\/sites\/4\/2024\/04\/new-portrait-9-800x800-1.jpg\" class=\"et-waypoint et_pb_animation_off et_pb_animation_off_tablet et_pb_animation_off_phone\" \/><\/span><\/div><div class=\"et_pb_blurb_container\"><h4 class=\"et_pb_module_header\">Carlos L\u00f3pez<\/h4><div class=\"et_pb_blurb_description\"><p>Cliente Regular<\/p>\n<\/div><\/div><\/div><\/div><\/div><\/div><\/div><div class=\"et_pb_section_5 et_pb_section et_section_regular et_block_section\"><div class=\"et_pb_row_10 et_pb_row et_block_row preset--module--divi-row--5138c454-be54-4233-bd3b-f8e6a8747976\"><div class=\"et_pb_column_20 et_pb_column et_pb_column_3_5 et_block_column et_pb_css_mix_blend_mode_passthrough preset--module--divi-column--73121f80-a3ef-4484-8763-c3f18e3c56d2\"><div class=\"et_pb_heading_10 et_pb_heading et_pb_module et_flex_module preset--module--divi-heading--default\"><div class=\"et_pb_heading_container\"><h2 class=\"et_pb_module_header\">Reserva Tu Cita Hoy<\/h2><\/div><\/div><div class=\"et_pb_text_10 et_pb_text et_pb_bg_layout_light et_pb_module et_flex_module preset--module--divi-text--0504de1e-f5ff-4281-ba60-cbbe4edf98bc\"><div class=\"et_pb_text_inner\"><p>No esperes m\u00e1s para disfrutar de una experiencia de belleza \u00fanica. Reserva tu cita en l\u00ednea y d\u00e9janos consentirte.<\/p>\n<\/div><\/div><div class=\"et_pb_module et_pb_button_module_wrapper et_pb_button_1_wrapper preset--module--divi-button--ab15fb74-61a3-43aa-96b3-41e09aeef654_wrapper\"><a class=\"et_pb_button_1 et_pb_button et_pb_bg_layout_light et_pb_module et_flex_module preset--module--divi-button--ab15fb74-61a3-43aa-96b3-41e09aeef654\" href=\"\">Reserva Ahora<\/a><\/div><\/div><div class=\"et_pb_column_21 et_pb_column et_pb_column_2_5 et-last-child et_block_column et_pb_css_mix_blend_mode_passthrough preset--module--divi-column--73121f80-a3ef-4484-8763-c3f18e3c56d2\"><div class=\"et_pb_image_2 et_pb_image et_pb_module et_flex_module preset--module--divi-image--6ed8fd5c-62c5-4100-98c3-7b8b6d2c2ee6\"><span class=\"et_pb_image_wrap\"><img decoding=\"async\" src=\"https:\/\/images.unsplash.com\/photo-1770980397103-c2522562e16f?ixid=M3w1ODkyNzF8MHwxfHNlYXJjaHwxfHxlbGVnYW50JTIwbmFpbCUyMHNhbG9ufGVufDB8MHx8fDE3NzIwNDM5NjV8MA&#038;ixlib=rb-4.1.0&#038;fm=webp&#038;fit=crop&#038;crop=entropy&#038;w=800&#038;h=600&#038;q=20&#038;dpr=2\" title=\"800x600\" \/><\/span><\/div><\/div><\/div><\/div>","protected":false},"excerpt":{"rendered":"","protected":false},"author":1,"featured_media":0,"parent":0,"menu_order":0,"comment_status":"closed","ping_status":"closed","template":"","meta":{"footnotes":""},"class_list":["post-75","page","type-page","status-publish","hentry"],"aioseo_notices":[],"_links":{"self":[{"href":"https:\/\/www.medellinnailsspa.com\/es\/wp-json\/wp\/v2\/pages\/75","targetHints":{"allow":["GET"]}}],"collection":[{"href":"https:\/\/www.medellinnailsspa.com\/es\/wp-json\/wp\/v2\/pages"}],"about":[{"href":"https:\/\/www.medellinnailsspa.com\/es\/wp-json\/wp\/v2\/types\/page"}],"author":[{"embeddable":true,"href":"https:\/\/www.medellinnailsspa.com\/es\/wp-json\/wp\/v2\/users\/1"}],"replies":[{"embeddable":true,"href":"https:\/\/www.medellinnailsspa.com\/es\/wp-json\/wp\/v2\/comments?post=75"}],"version-history":[{"count":1,"href":"https:\/\/www.medellinnailsspa.com\/es\/wp-json\/wp\/v2\/pages\/75\/revisions"}],"predecessor-version":[{"id":90,"href":"https:\/\/www.medellinnailsspa.com\/es\/wp-json\/wp\/v2\/pages\/75\/revisions\/90"}],"wp:attachment":[{"href":"https:\/\/www.medellinnailsspa.com\/es\/wp-json\/wp\/v2\/media?parent=75"}],"curies":[{"name":"wp","href":"https:\/\/api.w.org\/{rel}","templated":true}]}}